{"id":39,"date":"2022-05-16T10:34:27","date_gmt":"2022-05-16T10:34:27","guid":{"rendered":"https:\/\/sbc-geesthacht.de\/?page_id=39"},"modified":"2025-01-31T11:59:10","modified_gmt":"2025-01-31T11:59:10","slug":"mitsingen","status":"publish","type":"page","link":"https:\/\/sbc-geesthacht.de\/?page_id=39","title":{"rendered":"Mitsingen"},"content":{"rendered":"<div data-colibri-id=\"39-c1\" class=\"style-498 style-local-39-c1 position-relative\">\n  <!---->\n  <div data-colibri-component=\"section\" data-colibri-id=\"39-c2\" id=\"about\" class=\"h-section h-section-global-spacing d-flex align-items-lg-center align-items-md-center align-items-center style-503 style-local-39-c2 position-relative\">\n    <!---->\n    <!---->\n    <div class=\"h-section-grid-container h-section-boxed-container\">\n      <!---->\n      <div data-colibri-id=\"39-c3\" class=\"h-row-container gutters-row-lg-2 gutters-row-md-2 gutters-row-2 gutters-row-v-lg-2 gutters-row-v-md-2 gutters-row-v-2 style-504 style-local-39-c3 position-relative\">\n        <!---->\n        <div class=\"h-row justify-content-lg-center justify-content-md-center justify-content-center align-items-lg-stretch align-items-md-stretch align-items-stretch gutters-col-lg-2 gutters-col-md-2 gutters-col-2 gutters-col-v-lg-2 gutters-col-v-md-2 gutters-col-v-2\">\n          <!---->\n          <div class=\"h-column h-column-container d-flex h-col-lg-auto h-col-md-auto h-col-auto style-505-outer style-local-39-c4-outer\">\n            <div data-colibri-id=\"39-c4\" class=\"d-flex h-flex-basis h-column__inner h-px-lg-2 h-px-md-2 h-px-2 v-inner-lg-2 v-inner-md-2 v-inner-2 style-505 style-local-39-c4 position-relative\">\n              <!---->\n              <!---->\n              <div class=\"w-100 h-y-container h-column__content h-column__v-align flex-basis-100 align-self-lg-center align-self-md-center align-self-center\">\n                <!---->\n                <div data-colibri-id=\"39-c5\" class=\"h-global-transition-all h-heading style-507 style-local-39-c5 position-relative h-element\">\n                  <!---->\n                  <div class=\"h-heading__outer style-507 style-local-39-c5\">\n                    <!---->\n                    <!---->\n                    <h2 class=\"\">Die Proben finden <em style=\"font-family: Playfair Display; color: rgb(3, 169, 244);\">donnerstags<\/em> um <em style=\"font-family: Playfair Display; color: rgb(3, 169, 244);\">20 Uhr<\/em> in den R\u00e4umen der\n                      <br>St. Barbara-Kirche statt.<\/h2>\n                  <\/div>\n                <\/div>\n                <div data-colibri-id=\"39-c6\" class=\"h-lead h-text h-text-component style-508 style-local-39-c6 position-relative h-element\">\n                  <!---->\n                  <!---->\n                  <div class=\"\">\n                    <p>Waldstra\u00dfe 4, 21502 Geesthacht\n                      <br>\n                    <\/p>\n                  <\/div>\n                <\/div>\n                <div data-colibri-id=\"39-c7\" class=\"h-x-container style-509 style-local-39-c7 position-relative h-element\">\n                  <!---->\n                  <div class=\"h-x-container-inner style-dynamic-39-c7-group style-509-spacing style-local-39-c7-spacing\"><span class=\"h-button__outer style-510-outer style-local-39-c8-outer d-inline-flex h-element\"><a h-use-smooth-scroll=\"true\" href=\"https:\/\/sbc-geesthacht.de\/?page_id=48\"  data-colibri-id=\"39-c8\" class=\"d-flex w-100 align-items-center h-button justify-content-lg-center justify-content-md-center justify-content-center style-510 style-local-39-c8 position-relative\"><!----><!----> <span>zur chorprobe anmelden<\/span><\/a>\n                    <\/span>\n                  <\/div>\n                <\/div>\n              <\/div>\n            <\/div>\n          <\/div>\n          <div class=\"h-column h-column-container d-flex h-col-lg-auto h-col-md-auto h-col-auto style-511-outer style-local-39-c9-outer\">\n            <div data-colibri-id=\"39-c9\" class=\"d-flex h-flex-basis h-column__inner h-px-lg-2 h-px-md-2 h-px-2 v-inner-lg-2 v-inner-md-2 v-inner-2 style-511 style-local-39-c9 position-relative\">\n              <!---->\n              <!---->\n              <div class=\"w-100 h-y-container h-column__content h-column__v-align flex-basis-100 align-self-lg-center align-self-md-center align-self-center\">\n                <!---->\n                <div data-colibri-id=\"39-c10\" class=\"d-block style-512 style-local-39-c10 position-relative h-element\">\n                  <!---->\n                  <div class=\"h-image__frame-container-outer\">\n                    <div class=\"h-image__frame-container\">\n                      <!---->\n                      <!---->\n                      <img loading=\"lazy\" decoding=\"async\" width=\"2560\" height=\"1181\" src=\"https:\/\/sbc-geesthacht.de\/wp-content\/uploads\/2022\/05\/IMG_20220516_172126-scaled.jpg\" class=\"wp-image-565 style-512-image style-local-39-c10-image\" alt=\"\" srcset=\"https:\/\/sbc-geesthacht.de\/wp-content\/uploads\/2022\/05\/IMG_20220516_172126-scaled.jpg 2560w, https:\/\/sbc-geesthacht.de\/wp-content\/uploads\/2022\/05\/IMG_20220516_172126-300x138.jpg 300w, https:\/\/sbc-geesthacht.de\/wp-content\/uploads\/2022\/05\/IMG_20220516_172126-700x323.jpg 700w, https:\/\/sbc-geesthacht.de\/wp-content\/uploads\/2022\/05\/IMG_20220516_172126-768x354.jpg 768w, https:\/\/sbc-geesthacht.de\/wp-content\/uploads\/2022\/05\/IMG_20220516_172126-1536x709.jpg 1536w, https:\/\/sbc-geesthacht.de\/wp-content\/uploads\/2022\/05\/IMG_20220516_172126-2048x945.jpg 2048w\" sizes=\"auto, (max-width: 2560px) 100vw, 2560px\" \/>\n                      <div class=\"h-image__frame h-hide-sm style-512-frameImage style-local-39-c10-frameImage\"><\/div>\n                    <\/div>\n                  <\/div>\n                <\/div>\n              <\/div>\n            <\/div>\n          <\/div>\n        <\/div>\n      <\/div>\n    <\/div>\n  <\/div>\n  <div data-colibri-component=\"section\" data-colibri-id=\"39-c11\" id=\"about-2\" class=\"h-section h-section-global-spacing d-flex align-items-lg-center align-items-md-center align-items-center style-513 style-local-39-c11 position-relative\">\n    <!---->\n    <!---->\n    <div class=\"h-section-grid-container h-section-boxed-container\">\n      <!---->\n      <div data-colibri-id=\"39-c12\" class=\"h-row-container gutters-row-lg-0 gutters-row-md-0 gutters-row-0 gutters-row-v-lg-0 gutters-row-v-md-0 gutters-row-v-0 style-514 style-local-39-c12 position-relative\">\n        <!---->\n        <div class=\"h-row justify-content-lg-center justify-content-md-center justify-content-center align-items-lg-stretch align-items-md-stretch align-items-stretch gutters-col-lg-0 gutters-col-md-0 gutters-col-0 gutters-col-v-lg-0 gutters-col-v-md-0 gutters-col-v-0\">\n          <!---->\n          <div class=\"h-column h-column-container d-flex h-col-lg-auto h-col-md-auto h-col-auto style-515-outer style-local-39-c13-outer\">\n            <div data-colibri-id=\"39-c13\" class=\"d-flex h-flex-basis h-column__inner h-px-lg-0 h-px-md-0 h-px-0 v-inner-lg-0 v-inner-md-0 v-inner-0 style-515 style-local-39-c13 position-relative\">\n              <!---->\n              <!---->\n              <div class=\"w-100 h-y-container h-column__content h-column__v-align flex-basis-100 align-self-lg-start align-self-md-start align-self-start\">\n                <!---->\n                <div data-colibri-id=\"39-c14\" class=\"h-global-transition-all h-heading style-516 style-local-39-c14 position-relative h-element\">\n                  <!---->\n                  <div class=\"h-heading__outer style-516 style-local-39-c14\">\n                    <!---->\n                    <!---->\n                    <h5 class=\"\">PROJEKTS\u00c4NGER<\/h5>\n                  <\/div>\n                <\/div>\n                <div data-colibri-id=\"39-c15\" class=\"h-global-transition-all h-heading style-517 style-local-39-c15 position-relative h-element\">\n                  <!---->\n                  <div class=\"h-heading__outer style-517 style-local-39-c15\">\n                    <!---->\n                    <!---->\n                    <h2 class=\"\">Lebenswirk-lichkeiten sind&nbsp; <em style=\"font-family: Playfair Display;\">verschieden<\/em><\/h2>\n                  <\/div>\n                <\/div>\n                <div data-colibri-id=\"39-c16\" class=\"h-text h-text-component style-518 style-local-39-c16 position-relative h-element\">\n                  <!---->\n                  <!---->\n                  <div class=\"\">\n                    <p>Daher laden wir auch diejenigen S\u00e4ngerinnen und S\u00e4nger ein mitzusingen, die vielleicht nur kleinere Zeitr\u00e4ume planen k\u00f6nnen.<\/p>\n                    <p>Der Einstieg ist jeweils im ersten Monat nach dem letzten Konzert m\u00f6glich. Komm gerne zu einer unserer Proben! Wenn Du mitsingen m\u00f6chtest, wird Dich unsere Chorleiterin in einem Vorsingen unter vier Augen nach Deinen stimmlichen F\u00e4higkeiten\n                      einordnen.\n                      <a href=\"https:\/\/sbc-geesthacht.de?page_id=48\">Bitte melde Dich vor dem Probenbesuch an<\/a>.<\/p>\n                  <\/div>\n                <\/div>\n              <\/div>\n            <\/div>\n          <\/div>\n          <div class=\"h-column h-column-container d-flex h-col-lg-auto h-col-md-auto h-col-auto style-519-outer style-local-39-c17-outer\">\n            <div data-colibri-id=\"39-c17\" class=\"d-flex h-flex-basis h-column__inner h-ui-empty-state-container h-px-lg-2 h-px-md-2 h-px-2 v-inner-lg-2 v-inner-md-2 v-inner-2 style-519 style-local-39-c17 position-relative\">\n              <!---->\n              <!---->\n              <div class=\"w-100 h-y-container h-column__content h-column__v-align flex-basis-100\">\n                <!---->\n              <\/div>\n            <\/div>\n          <\/div>\n        <\/div>\n      <\/div>\n    <\/div>\n  <\/div>\n  <div data-colibri-component=\"section\" data-colibri-id=\"39-c18\" id=\"content\" class=\"h-section h-section-global-spacing d-flex align-items-lg-center align-items-md-center align-items-center style-534 style-local-39-c18 h-overflow-hidden position-relative\">\n    <!---->\n    <!---->\n    <div class=\"h-section-grid-container h-section-fluid-container\">\n      <!---->\n      <div data-colibri-id=\"39-c19\" class=\"h-row-container gutters-row-lg-0 gutters-row-md-0 gutters-row-2 gutters-row-v-lg-0 gutters-row-v-md-0 gutters-row-v-2 style-535 style-local-39-c19 position-relative\">\n        <!---->\n        <div class=\"h-row justify-content-lg-center justify-content-md-center justify-content-center align-items-lg-stretch align-items-md-stretch align-items-stretch gutters-col-lg-0 gutters-col-md-0 gutters-col-2 gutters-col-v-lg-0 gutters-col-v-md-0 gutters-col-v-2\">\n          <!---->\n          <div class=\"h-column h-column-container d-flex h-col-lg-auto h-col-md-auto h-col-auto style-536-outer style-local-39-c20-outer\">\n            <div data-colibri-id=\"39-c20\" class=\"d-flex h-flex-basis h-column__inner h-ui-empty-state-container h-px-lg-0 h-px-md-0 h-px-0 v-inner-lg-0 v-inner-md-0 v-inner-0 style-536 style-local-39-c20 position-relative\">\n              <!---->\n              <!---->\n              <div class=\"w-100 h-y-container h-column__content h-column__v-align flex-basis-100\">\n                <!---->\n              <\/div>\n            <\/div>\n          <\/div>\n          <div class=\"h-column h-column-container d-flex h-col-lg-auto h-col-md-auto h-col-auto style-537-outer style-local-39-c21-outer\">\n            <div data-colibri-id=\"39-c21\" class=\"d-flex h-flex-basis h-column__inner h-px-lg-0 h-px-md-0 h-px-0 v-inner-lg-0 v-inner-md-0 v-inner-0 style-537 style-local-39-c21 position-relative\">\n              <!---->\n              <!---->\n              <div class=\"w-100 h-y-container h-column__content h-column__v-align flex-basis-100 align-self-lg-start align-self-md-start align-self-start\">\n                <!---->\n                <div data-colibri-id=\"39-c22\" class=\"h-global-transition-all h-heading style-539 style-local-39-c22 position-relative h-element\">\n                  <!---->\n                  <div class=\"h-heading__outer style-539 style-local-39-c22\">\n                    <!---->\n                    <!---->\n                    <h2 class=\"\">KERNBESETZUNG<\/h2>\n                  <\/div>\n                <\/div>\n                <div data-colibri-id=\"39-c23\" class=\"h-text h-text-component style-540 style-local-39-c23 position-relative h-element\">\n                  <!---->\n                  <!---->\n                  <div class=\"\">\n                    <p>Zur Kernbesetzung des Chores geh\u00f6ren etwa 30 S\u00e4ngerinnen und S\u00e4nger. Sie kommen aus ganz unterschiedlichen Richtungen: aus Hamburg, aus Geesthacht, aus L\u00fcneburg, aus B\u00fcchen und noch von viel weiter her. F\u00fcr sie ist der Chor weit mehr\n                      als \u201enur\u201c ein Klangk\u00f6rper. Es ist eine gro\u00dfe Gemeinschaft und jedes Konzert ist ein gemeinsamer Weg vom ersten Ton bis zum Applaus.<\/p>\n                    <p>Wenn Du gerne l\u00e4ngerfristig bei uns singen m\u00f6chtest, empfehlen wir zun\u00e4chst ein oder zwei Probenphasen bei uns mitzuerleben.<\/p>\n                  <\/div>\n                <\/div>\n              <\/div>\n            <\/div>\n          <\/div>\n        <\/div>\n      <\/div>\n    <\/div>\n  <\/div>\n<\/div>","protected":false},"excerpt":{"rendered":"<p>Die Proben finden donnerstags um 20 Uhr in den R\u00e4umen der St. Barbara-Kirche statt. Waldstra\u00dfe 4, 21502 Geesthacht zur chorprobe anmelden PROJEKTS\u00c4NGER Lebenswirk-lichkeiten sind&nbsp; verschieden Daher laden wir auch diejenigen S\u00e4ngerinnen und S\u00e4nger ein mitzusingen, die vielleicht nur kleinere Zeitr\u00e4ume planen k\u00f6nnen. Der Einstieg ist jeweils im ersten Monat nach dem letzten Konzert m\u00f6glich. Komm [&hellip;]<\/p>\n","protected":false},"author":2,"featured_media":0,"parent":0,"menu_order":0,"comment_status":"closed","ping_status":"closed","template":"page-templates\/full-width-page.php","meta":{"spay_email":"","footnotes":""},"class_list":["post-39","page","type-page","status-publish","hentry"],"yoast_head":"<!-- This site is optimized with the Yoast SEO plugin v18.8 - https:\/\/yoast.com\/wordpress\/plugins\/seo\/ -->\n<title>Mitsingen - St. Barbara-Chor Geesthacht<\/title>\n<meta name=\"robots\" content=\"index, follow, max-snippet:-1, max-image-preview:large, max-video-preview:-1\" \/>\n<link rel=\"canonical\" href=\"https:\/\/sbc-geesthacht.de\/?page_id=39\" \/>\n<meta property=\"og:locale\" content=\"de_DE\" \/>\n<meta property=\"og:type\" content=\"article\" \/>\n<meta property=\"og:title\" content=\"Mitsingen - St. Barbara-Chor Geesthacht\" \/>\n<meta property=\"og:description\" content=\"Die Proben finden donnerstags um 20 Uhr in den R\u00e4umen der St. Barbara-Kirche statt. Waldstra\u00dfe 4, 21502 Geesthacht zur chorprobe anmelden PROJEKTS\u00c4NGER Lebenswirk-lichkeiten sind&nbsp; verschieden Daher laden wir auch diejenigen S\u00e4ngerinnen und S\u00e4nger ein mitzusingen, die vielleicht nur kleinere Zeitr\u00e4ume planen k\u00f6nnen. Der Einstieg ist jeweils im ersten Monat nach dem letzten Konzert m\u00f6glich. Komm [&hellip;]\" \/>\n<meta property=\"og:url\" content=\"https:\/\/sbc-geesthacht.de\/?page_id=39\" \/>\n<meta property=\"og:site_name\" content=\"St. Barbara-Chor Geesthacht\" \/>\n<meta property=\"article:modified_time\" content=\"2025-01-31T11:59:10+00:00\" \/>\n<meta property=\"og:image\" content=\"https:\/\/sbc-geesthacht.de\/wp-content\/uploads\/2022\/05\/IMG_20220516_172126-scaled.jpg\" \/>\n<meta name=\"twitter:card\" content=\"summary_large_image\" \/>\n<meta name=\"twitter:label1\" content=\"Gesch\u00e4tzte Lesezeit\" \/>\n\t<meta name=\"twitter:data1\" content=\"2\u00a0Minuten\" \/>\n<script type=\"application\/ld+json\" class=\"yoast-schema-graph\">{\"@context\":\"https:\/\/schema.org\",\"@graph\":[{\"@type\":\"WebSite\",\"@id\":\"https:\/\/sbc-geesthacht.de\/#website\",\"url\":\"https:\/\/sbc-geesthacht.de\/\",\"name\":\"St. Barbara-Chor Geesthacht\",\"description\":\"Geesthacht\",\"potentialAction\":[{\"@type\":\"SearchAction\",\"target\":{\"@type\":\"EntryPoint\",\"urlTemplate\":\"https:\/\/sbc-geesthacht.de\/?s={search_term_string}\"},\"query-input\":\"required name=search_term_string\"}],\"inLanguage\":\"de\"},{\"@type\":\"ImageObject\",\"inLanguage\":\"de\",\"@id\":\"https:\/\/sbc-geesthacht.de\/?page_id=39#primaryimage\",\"url\":\"https:\/\/sbc-geesthacht.de\/wp-content\/uploads\/2022\/05\/IMG_20220516_172126-scaled.jpg\",\"contentUrl\":\"https:\/\/sbc-geesthacht.de\/wp-content\/uploads\/2022\/05\/IMG_20220516_172126-scaled.jpg\",\"width\":2560,\"height\":1181},{\"@type\":\"WebPage\",\"@id\":\"https:\/\/sbc-geesthacht.de\/?page_id=39#webpage\",\"url\":\"https:\/\/sbc-geesthacht.de\/?page_id=39\",\"name\":\"Mitsingen - St. Barbara-Chor Geesthacht\",\"isPartOf\":{\"@id\":\"https:\/\/sbc-geesthacht.de\/#website\"},\"primaryImageOfPage\":{\"@id\":\"https:\/\/sbc-geesthacht.de\/?page_id=39#primaryimage\"},\"datePublished\":\"2022-05-16T10:34:27+00:00\",\"dateModified\":\"2025-01-31T11:59:10+00:00\",\"breadcrumb\":{\"@id\":\"https:\/\/sbc-geesthacht.de\/?page_id=39#breadcrumb\"},\"inLanguage\":\"de\",\"potentialAction\":[{\"@type\":\"ReadAction\",\"target\":[\"https:\/\/sbc-geesthacht.de\/?page_id=39\"]}]},{\"@type\":\"BreadcrumbList\",\"@id\":\"https:\/\/sbc-geesthacht.de\/?page_id=39#breadcrumb\",\"itemListElement\":[{\"@type\":\"ListItem\",\"position\":1,\"name\":\"Startseite\",\"item\":\"https:\/\/sbc-geesthacht.de\/\"},{\"@type\":\"ListItem\",\"position\":2,\"name\":\"Mitsingen\"}]}]}<\/script>\n<!-- \/ Yoast SEO plugin. -->","yoast_head_json":{"title":"Mitsingen - St. Barbara-Chor Geesthacht","robots":{"index":"index","follow":"follow","max-snippet":"max-snippet:-1","max-image-preview":"max-image-preview:large","max-video-preview":"max-video-preview:-1"},"canonical":"https:\/\/sbc-geesthacht.de\/?page_id=39","og_locale":"de_DE","og_type":"article","og_title":"Mitsingen - St. Barbara-Chor Geesthacht","og_description":"Die Proben finden donnerstags um 20 Uhr in den R\u00e4umen der St. Barbara-Kirche statt. Waldstra\u00dfe 4, 21502 Geesthacht zur chorprobe anmelden PROJEKTS\u00c4NGER Lebenswirk-lichkeiten sind&nbsp; verschieden Daher laden wir auch diejenigen S\u00e4ngerinnen und S\u00e4nger ein mitzusingen, die vielleicht nur kleinere Zeitr\u00e4ume planen k\u00f6nnen. Der Einstieg ist jeweils im ersten Monat nach dem letzten Konzert m\u00f6glich. Komm [&hellip;]","og_url":"https:\/\/sbc-geesthacht.de\/?page_id=39","og_site_name":"St. Barbara-Chor Geesthacht","article_modified_time":"2025-01-31T11:59:10+00:00","og_image":[{"url":"https:\/\/sbc-geesthacht.de\/wp-content\/uploads\/2022\/05\/IMG_20220516_172126-scaled.jpg"}],"twitter_card":"summary_large_image","twitter_misc":{"Gesch\u00e4tzte Lesezeit":"2\u00a0Minuten"},"schema":{"@context":"https:\/\/schema.org","@graph":[{"@type":"WebSite","@id":"https:\/\/sbc-geesthacht.de\/#website","url":"https:\/\/sbc-geesthacht.de\/","name":"St. Barbara-Chor Geesthacht","description":"Geesthacht","potentialAction":[{"@type":"SearchAction","target":{"@type":"EntryPoint","urlTemplate":"https:\/\/sbc-geesthacht.de\/?s={search_term_string}"},"query-input":"required name=search_term_string"}],"inLanguage":"de"},{"@type":"ImageObject","inLanguage":"de","@id":"https:\/\/sbc-geesthacht.de\/?page_id=39#primaryimage","url":"https:\/\/sbc-geesthacht.de\/wp-content\/uploads\/2022\/05\/IMG_20220516_172126-scaled.jpg","contentUrl":"https:\/\/sbc-geesthacht.de\/wp-content\/uploads\/2022\/05\/IMG_20220516_172126-scaled.jpg","width":2560,"height":1181},{"@type":"WebPage","@id":"https:\/\/sbc-geesthacht.de\/?page_id=39#webpage","url":"https:\/\/sbc-geesthacht.de\/?page_id=39","name":"Mitsingen - St. Barbara-Chor Geesthacht","isPartOf":{"@id":"https:\/\/sbc-geesthacht.de\/#website"},"primaryImageOfPage":{"@id":"https:\/\/sbc-geesthacht.de\/?page_id=39#primaryimage"},"datePublished":"2022-05-16T10:34:27+00:00","dateModified":"2025-01-31T11:59:10+00:00","breadcrumb":{"@id":"https:\/\/sbc-geesthacht.de\/?page_id=39#breadcrumb"},"inLanguage":"de","potentialAction":[{"@type":"ReadAction","target":["https:\/\/sbc-geesthacht.de\/?page_id=39"]}]},{"@type":"BreadcrumbList","@id":"https:\/\/sbc-geesthacht.de\/?page_id=39#breadcrumb","itemListElement":[{"@type":"ListItem","position":1,"name":"Startseite","item":"https:\/\/sbc-geesthacht.de\/"},{"@type":"ListItem","position":2,"name":"Mitsingen"}]}]}},"_links":{"self":[{"href":"https:\/\/sbc-geesthacht.de\/index.php?rest_route=\/wp\/v2\/pages\/39","targetHints":{"allow":["GET"]}}],"collection":[{"href":"https:\/\/sbc-geesthacht.de\/index.php?rest_route=\/wp\/v2\/pages"}],"about":[{"href":"https:\/\/sbc-geesthacht.de\/index.php?rest_route=\/wp\/v2\/types\/page"}],"author":[{"embeddable":true,"href":"https:\/\/sbc-geesthacht.de\/index.php?rest_route=\/wp\/v2\/users\/2"}],"replies":[{"embeddable":true,"href":"https:\/\/sbc-geesthacht.de\/index.php?rest_route=%2Fwp%2Fv2%2Fcomments&post=39"}],"version-history":[{"count":20,"href":"https:\/\/sbc-geesthacht.de\/index.php?rest_route=\/wp\/v2\/pages\/39\/revisions"}],"predecessor-version":[{"id":919,"href":"https:\/\/sbc-geesthacht.de\/index.php?rest_route=\/wp\/v2\/pages\/39\/revisions\/919"}],"wp:attachment":[{"href":"https:\/\/sbc-geesthacht.de\/index.php?rest_route=%2Fwp%2Fv2%2Fmedia&parent=39"}],"curies":[{"name":"wp","href":"https:\/\/api.w.org\/{rel}","templated":true}]}}