{"id":119,"date":"2022-05-16T11:46:42","date_gmt":"2022-05-16T11:46:42","guid":{"rendered":"https:\/\/sbc-geesthacht.de\/?page_id=119"},"modified":"2025-01-31T12:07:42","modified_gmt":"2025-01-31T12:07:42","slug":"christoph-weyer","status":"publish","type":"page","link":"https:\/\/sbc-geesthacht.de\/?page_id=119","title":{"rendered":"Marie Sophie Goltz"},"content":{"rendered":"<div data-colibri-id=\"119-c1\" class=\"style-541 style-local-119-c1 position-relative\">\n  <!---->\n  <div data-colibri-component=\"section\" data-colibri-id=\"119-c2\" id=\"about\" class=\"h-section h-section-global-spacing d-flex align-items-lg-center align-items-md-center align-items-center style-546 style-local-119-c2 position-relative\">\n    <!---->\n    <!---->\n    <div class=\"h-section-grid-container h-section-boxed-container\">\n      <!---->\n      <div data-colibri-id=\"119-c3\" class=\"h-row-container gutters-row-lg-0 gutters-row-md-0 gutters-row-0 gutters-row-v-lg-0 gutters-row-v-md-0 gutters-row-v-0 style-547 style-local-119-c3 position-relative\">\n        <!---->\n        <div class=\"h-row justify-content-lg-center justify-content-md-center justify-content-center align-items-lg-stretch align-items-md-stretch align-items-stretch gutters-col-lg-0 gutters-col-md-0 gutters-col-0 gutters-col-v-lg-0 gutters-col-v-md-0 gutters-col-v-0\">\n          <!---->\n          <div class=\"h-column h-column-container d-flex h-col-lg-auto h-col-md-auto h-col-auto style-549-outer style-local-119-c4-outer\">\n            <div data-colibri-id=\"119-c4\" class=\"d-flex h-flex-basis h-column__inner h-px-lg-2 h-px-md-2 h-px-2 v-inner-lg-2 v-inner-md-2 v-inner-2 style-549 style-local-119-c4 position-relative\">\n              <!---->\n              <!---->\n              <div class=\"w-100 h-y-container h-column__content h-column__v-align flex-basis-100 align-self-lg-start align-self-md-start align-self-start\">\n                <!---->\n                <div data-colibri-id=\"119-c5\" class=\"h-global-transition-all h-heading style-551 style-local-119-c5 position-relative h-element\">\n                  <!---->\n                  <div class=\"h-heading__outer style-551 style-local-119-c5\">\n                    <!---->\n                    <!---->\n                    <h2 class=\"\"><em style=\"font-family: &quot;Playfair Display&quot;;\">Chor<\/em>leiterin<em style=\"font-family: &quot;Playfair Display&quot;;\"><br><\/em><\/h2>\n                  <\/div>\n                <\/div>\n              <\/div>\n            <\/div>\n          <\/div>\n        <\/div>\n      <\/div>\n      <div data-colibri-id=\"119-c6\" class=\"h-row-container gutters-row-lg-2 gutters-row-md-2 gutters-row-0 gutters-row-v-lg-2 gutters-row-v-md-2 gutters-row-v-2 style-666 style-local-119-c6 position-relative\">\n        <!---->\n        <div class=\"h-row justify-content-lg-center justify-content-md-center justify-content-center align-items-lg-stretch align-items-md-stretch align-items-stretch gutters-col-lg-2 gutters-col-md-2 gutters-col-0 gutters-col-v-lg-2 gutters-col-v-md-2 gutters-col-v-2\">\n          <!---->\n          <div class=\"h-column h-column-container d-flex h-col-lg-auto h-col-md-auto h-col-auto style-667-outer style-local-119-c7-outer\">\n            <div data-colibri-id=\"119-c7\" class=\"d-flex h-flex-basis h-column__inner h-px-lg-2 h-px-md-2 h-px-2 v-inner-lg-2 v-inner-md-2 v-inner-2 style-667 style-local-119-c7 position-relative\">\n              <!---->\n              <!---->\n              <div class=\"w-100 h-y-container h-column__content h-column__v-align flex-basis-100 align-self-lg-start align-self-md-start align-self-start\">\n                <!---->\n                <div data-colibri-id=\"119-c8\" class=\"h-text h-text-component style-552 style-local-119-c8 position-relative h-element\">\n                  <!---->\n                  <!---->\n                  <div class=\"\">\n                    <p>Marie Sophie Goltz studierte nach ihrem Abitur an der Hochschule f\u00fcr Musik in W\u00fcrzburg bei Christoph Bossert (Orgel), J\u00f6rg Straube und Matthias Beckert (Chorleitung) im Bachelorstudiengang Kirchenmusik und vollendete ihre Studien an\n                      der Hochschule f\u00fcr Musik und Darstellende Kunst, Frankfurt am Main bei Martin L\u00fccker (Orgel), Gerd Wachowski (Orgelimprovisation) und Winfried Toll (Chorleitung) mit dem Abschluss im Master Kirchenmusik im Jahr 2017. Sie besuchte\n                      Meisterkurse bei Christoph Bossert, Andreas Liebig, L\u00e1szlo Fassang und Bal\u00e1zs Szab\u00f3 und unternahm in ihrer Studienzeit Orgelreisen nach Ostfriesland, Spanien und an den Berliner Dom.<\/p>\n                    <p>Im Jahr 2016 wurde sie nach Kairo\/\u00c4gypten an die historische Walcker Orgel der Deutschsprachigen Evangelischen Gemeinde eingeladen.<\/p>\n                    <p>Von Oktober 2017 bis Oktober 2018 war Marie Sophie Goltz als Musikalische Assistentin von Stiftskantor KMD Kay Johannsen an der Stiftskirche in Stuttgart besch\u00e4ftigt.<\/p>\n                    <p>Bis einschlie\u00dflich Januar 2019 f\u00fchrte Marie Sophie Goltz den kirchenmusikalischen Dienst als Bezirkskantorin im Kirchenbezirk Gaildorf und in der Evangelischen Kirchengemeinde Gaildorf aus. Von&nbsp;Juni 2019 bis September 2024 war\n                      Marie Sophie Goltz als hauptamtliche Kantorin in der Kirchengemeinde Rickling sowie im Landesverein f\u00fcr Innere Mission in Schleswig-Holstein t\u00e4tig.<\/p>\n                    <p>Marie Sophie Goltz war k\u00fcnstlerische Leiterin und Initiatorin des Ricklinger Orgelherbstes, der als parit\u00e4tischer Orgelzyklus im Oktober an der Paschen-Orgel in der Ricklinger&nbsp;Dorfkirche bis Oktober 2023 stattfand.Seit Oktober\n                      2024 hat Marie Sophie Goltz die Position als Kirchenmusikerin auf der Elbinsel Hamburg-Wilhelmsburg inne. Im Rahmen der &#8222;Elbinselmusik&#8220; initiiert sie unter anderem die Wilhelmsburger ORGELREIHE., die erstmalig im Oktober\/ November\n                      2024 stattfand.<\/p>\n                    <p>Marie Sophie Goltz&nbsp;unterrichtet als Dozentin f\u00fcr Musiktheorie und Orgel an der Kirchenmusikakademie in Schl\u00fcchtern innerhalb des C-Kurses f\u00fcr nebenamtliche KirchenmusikerInnen in der Landeskirche Kurhessen-Waldeck.<\/p>\n                    <p>Ihre freischaffende T\u00e4tigkeit als Organistin und Chorleiterin im Hamburger Raum rundet ihr k\u00fcnstlerisches Schaffen ab.<\/p>\n                    <p>Kontakt: goltz.marie-sophie@gmx.de<\/p>\n                    <p>.<\/p>\n                  <\/div>\n                <\/div>\n              <\/div>\n            <\/div>\n          <\/div>\n        <\/div>\n      <\/div>\n    <\/div>\n  <\/div>\n<\/div>","protected":false},"excerpt":{"rendered":"<p>Chorleiterin Marie Sophie Goltz studierte nach ihrem Abitur an der Hochschule f\u00fcr Musik in W\u00fcrzburg bei Christoph Bossert (Orgel), J\u00f6rg Straube und Matthias Beckert (Chorleitung) im Bachelorstudiengang Kirchenmusik und vollendete ihre Studien an der Hochschule f\u00fcr Musik und Darstellende Kunst, Frankfurt am Main bei Martin L\u00fccker (Orgel), Gerd Wachowski (Orgelimprovisation) und Winfried Toll (Chorleitung) mit [&hellip;]<\/p>\n","protected":false},"author":2,"featured_media":0,"parent":0,"menu_order":0,"comment_status":"closed","ping_status":"closed","template":"page-templates\/full-width-page.php","meta":{"spay_email":"","footnotes":""},"class_list":["post-119","page","type-page","status-publish","hentry"],"yoast_head":"<!-- This site is optimized with the Yoast SEO plugin v18.8 - https:\/\/yoast.com\/wordpress\/plugins\/seo\/ -->\n<title>Marie Sophie Goltz - St. Barbara-Chor Geesthacht<\/title>\n<meta name=\"robots\" content=\"index, follow, max-snippet:-1, max-image-preview:large, max-video-preview:-1\" \/>\n<link rel=\"canonical\" href=\"https:\/\/sbc-geesthacht.de\/?page_id=119\" \/>\n<meta property=\"og:locale\" content=\"de_DE\" \/>\n<meta property=\"og:type\" content=\"article\" \/>\n<meta property=\"og:title\" content=\"Marie Sophie Goltz - St. Barbara-Chor Geesthacht\" \/>\n<meta property=\"og:description\" content=\"Chorleiterin Marie Sophie Goltz studierte nach ihrem Abitur an der Hochschule f\u00fcr Musik in W\u00fcrzburg bei Christoph Bossert (Orgel), J\u00f6rg Straube und Matthias Beckert (Chorleitung) im Bachelorstudiengang Kirchenmusik und vollendete ihre Studien an der Hochschule f\u00fcr Musik und Darstellende Kunst, Frankfurt am Main bei Martin L\u00fccker (Orgel), Gerd Wachowski (Orgelimprovisation) und Winfried Toll (Chorleitung) mit [&hellip;]\" \/>\n<meta property=\"og:url\" content=\"https:\/\/sbc-geesthacht.de\/?page_id=119\" \/>\n<meta property=\"og:site_name\" content=\"St. Barbara-Chor Geesthacht\" \/>\n<meta property=\"article:modified_time\" content=\"2025-01-31T12:07:42+00:00\" \/>\n<meta name=\"twitter:card\" content=\"summary_large_image\" \/>\n<meta name=\"twitter:label1\" content=\"Gesch\u00e4tzte Lesezeit\" \/>\n\t<meta name=\"twitter:data1\" content=\"2\u00a0Minuten\" \/>\n<script type=\"application\/ld+json\" class=\"yoast-schema-graph\">{\"@context\":\"https:\/\/schema.org\",\"@graph\":[{\"@type\":\"WebSite\",\"@id\":\"https:\/\/sbc-geesthacht.de\/#website\",\"url\":\"https:\/\/sbc-geesthacht.de\/\",\"name\":\"St. Barbara-Chor Geesthacht\",\"description\":\"Geesthacht\",\"potentialAction\":[{\"@type\":\"SearchAction\",\"target\":{\"@type\":\"EntryPoint\",\"urlTemplate\":\"https:\/\/sbc-geesthacht.de\/?s={search_term_string}\"},\"query-input\":\"required name=search_term_string\"}],\"inLanguage\":\"de\"},{\"@type\":\"WebPage\",\"@id\":\"https:\/\/sbc-geesthacht.de\/?page_id=119#webpage\",\"url\":\"https:\/\/sbc-geesthacht.de\/?page_id=119\",\"name\":\"Marie Sophie Goltz - St. Barbara-Chor Geesthacht\",\"isPartOf\":{\"@id\":\"https:\/\/sbc-geesthacht.de\/#website\"},\"datePublished\":\"2022-05-16T11:46:42+00:00\",\"dateModified\":\"2025-01-31T12:07:42+00:00\",\"breadcrumb\":{\"@id\":\"https:\/\/sbc-geesthacht.de\/?page_id=119#breadcrumb\"},\"inLanguage\":\"de\",\"potentialAction\":[{\"@type\":\"ReadAction\",\"target\":[\"https:\/\/sbc-geesthacht.de\/?page_id=119\"]}]},{\"@type\":\"BreadcrumbList\",\"@id\":\"https:\/\/sbc-geesthacht.de\/?page_id=119#breadcrumb\",\"itemListElement\":[{\"@type\":\"ListItem\",\"position\":1,\"name\":\"Startseite\",\"item\":\"https:\/\/sbc-geesthacht.de\/\"},{\"@type\":\"ListItem\",\"position\":2,\"name\":\"Marie Sophie Goltz\"}]}]}<\/script>\n<!-- \/ Yoast SEO plugin. -->","yoast_head_json":{"title":"Marie Sophie Goltz - St. Barbara-Chor Geesthacht","robots":{"index":"index","follow":"follow","max-snippet":"max-snippet:-1","max-image-preview":"max-image-preview:large","max-video-preview":"max-video-preview:-1"},"canonical":"https:\/\/sbc-geesthacht.de\/?page_id=119","og_locale":"de_DE","og_type":"article","og_title":"Marie Sophie Goltz - St. Barbara-Chor Geesthacht","og_description":"Chorleiterin Marie Sophie Goltz studierte nach ihrem Abitur an der Hochschule f\u00fcr Musik in W\u00fcrzburg bei Christoph Bossert (Orgel), J\u00f6rg Straube und Matthias Beckert (Chorleitung) im Bachelorstudiengang Kirchenmusik und vollendete ihre Studien an der Hochschule f\u00fcr Musik und Darstellende Kunst, Frankfurt am Main bei Martin L\u00fccker (Orgel), Gerd Wachowski (Orgelimprovisation) und Winfried Toll (Chorleitung) mit [&hellip;]","og_url":"https:\/\/sbc-geesthacht.de\/?page_id=119","og_site_name":"St. Barbara-Chor Geesthacht","article_modified_time":"2025-01-31T12:07:42+00:00","twitter_card":"summary_large_image","twitter_misc":{"Gesch\u00e4tzte Lesezeit":"2\u00a0Minuten"},"schema":{"@context":"https:\/\/schema.org","@graph":[{"@type":"WebSite","@id":"https:\/\/sbc-geesthacht.de\/#website","url":"https:\/\/sbc-geesthacht.de\/","name":"St. Barbara-Chor Geesthacht","description":"Geesthacht","potentialAction":[{"@type":"SearchAction","target":{"@type":"EntryPoint","urlTemplate":"https:\/\/sbc-geesthacht.de\/?s={search_term_string}"},"query-input":"required name=search_term_string"}],"inLanguage":"de"},{"@type":"WebPage","@id":"https:\/\/sbc-geesthacht.de\/?page_id=119#webpage","url":"https:\/\/sbc-geesthacht.de\/?page_id=119","name":"Marie Sophie Goltz - St. Barbara-Chor Geesthacht","isPartOf":{"@id":"https:\/\/sbc-geesthacht.de\/#website"},"datePublished":"2022-05-16T11:46:42+00:00","dateModified":"2025-01-31T12:07:42+00:00","breadcrumb":{"@id":"https:\/\/sbc-geesthacht.de\/?page_id=119#breadcrumb"},"inLanguage":"de","potentialAction":[{"@type":"ReadAction","target":["https:\/\/sbc-geesthacht.de\/?page_id=119"]}]},{"@type":"BreadcrumbList","@id":"https:\/\/sbc-geesthacht.de\/?page_id=119#breadcrumb","itemListElement":[{"@type":"ListItem","position":1,"name":"Startseite","item":"https:\/\/sbc-geesthacht.de\/"},{"@type":"ListItem","position":2,"name":"Marie Sophie Goltz"}]}]}},"_links":{"self":[{"href":"https:\/\/sbc-geesthacht.de\/index.php?rest_route=\/wp\/v2\/pages\/119","targetHints":{"allow":["GET"]}}],"collection":[{"href":"https:\/\/sbc-geesthacht.de\/index.php?rest_route=\/wp\/v2\/pages"}],"about":[{"href":"https:\/\/sbc-geesthacht.de\/index.php?rest_route=\/wp\/v2\/types\/page"}],"author":[{"embeddable":true,"href":"https:\/\/sbc-geesthacht.de\/index.php?rest_route=\/wp\/v2\/users\/2"}],"replies":[{"embeddable":true,"href":"https:\/\/sbc-geesthacht.de\/index.php?rest_route=%2Fwp%2Fv2%2Fcomments&post=119"}],"version-history":[{"count":9,"href":"https:\/\/sbc-geesthacht.de\/index.php?rest_route=\/wp\/v2\/pages\/119\/revisions"}],"predecessor-version":[{"id":927,"href":"https:\/\/sbc-geesthacht.de\/index.php?rest_route=\/wp\/v2\/pages\/119\/revisions\/927"}],"wp:attachment":[{"href":"https:\/\/sbc-geesthacht.de\/index.php?rest_route=%2Fwp%2Fv2%2Fmedia&parent=119"}],"curies":[{"name":"wp","href":"https:\/\/api.w.org\/{rel}","templated":true}]}}